{"id":41804,"date":"2019-08-14T11:31:40","date_gmt":"2019-08-14T09:31:40","guid":{"rendered":"https:\/\/rivafabrieksmatras-nl.bearwithus.nl\/product\/nasa-traagschuim-met-pocketveer-alton-matras\/"},"modified":"2023-11-09T01:56:34","modified_gmt":"2023-11-09T00:56:34","slug":"riva-nasa-matelas-a-ressorts-ensaches-en-mousse-viscoelastique-alton","status":"publish","type":"product","link":"https:\/\/rivafabrieksmatras-nl.bearwithus.nl\/fr\/product\/riva-nasa-matelas-a-ressorts-ensaches-en-mousse-viscoelastique-alton\/","title":{"rendered":"Riva\u00ae Nasa Matelas \u00e0 ressorts ensach\u00e9s en mousse visco\u00e9lastique Alton"},"content":{"rendered":"","protected":false},"excerpt":{"rendered":"","protected":false},"featured_media":40290,"comment_status":"open","ping_status":"closed","template":"","meta":{"_acf_changed":false},"product_brand":[],"product_cat":[209],"product_tag":[],"class_list":{"0":"post-41804","1":"product","2":"type-product","3":"status-publish","4":"has-post-thumbnail","6":"product_cat-nasa-avec-ressort-ensache","8":"first","9":"instock","10":"sale","11":"taxable","12":"shipping-taxable","13":"purchasable","14":"product-type-variable","15":"has-default-attributes"},"acf":[],"yoast_head":"<!-- This site is optimized with the Yoast SEO plugin v27.2 - https:\/\/yoast.com\/product\/yoast-seo-wordpress\/ -->\n<title>Riva\u00ae Nasa Matelas \u00e0 ressorts ensach\u00e9s en mousse visco\u00e9lastique Alton | Riva Fabrieksmatras<\/title>\n<meta name=\"description\" content=\"Le matelas \u00e0 ressorts ensach\u00e9s Nasa Memory Foam Mattress (23 cm d&#039;\u00e9paisseur) est notre matelas en mousse \u00e0 m\u00e9moire de forme avec ressorts ensach\u00e9s le plus vendu!\" \/>\n<meta name=\"robots\" content=\"index, follow, max-snippet:-1, max-image-preview:large, max-video-preview:-1\" \/>\n<link rel=\"canonical\" href=\"https:\/\/rivafabrieksmatras-nl.bearwithus.nl\/fr\/product\/riva-nasa-matelas-a-ressorts-ensaches-en-mousse-viscoelastique-alton\/\" \/>\n<meta property=\"og:locale\" content=\"fr_FR\" \/>\n<meta property=\"og:type\" content=\"article\" \/>\n<meta property=\"og:title\" content=\"Riva\u00ae Nasa Matelas \u00e0 ressorts ensach\u00e9s en mousse visco\u00e9lastique Alton | Riva Fabrieksmatras\" \/>\n<meta property=\"og:description\" content=\"Le matelas \u00e0 ressorts ensach\u00e9s Nasa Memory Foam Mattress (23 cm d&#039;\u00e9paisseur) est notre matelas en mousse \u00e0 m\u00e9moire de forme avec ressorts ensach\u00e9s le plus vendu!\" \/>\n<meta property=\"og:url\" content=\"https:\/\/rivafabrieksmatras-nl.bearwithus.nl\/fr\/product\/riva-nasa-matelas-a-ressorts-ensaches-en-mousse-viscoelastique-alton\/\" \/>\n<meta property=\"og:site_name\" content=\"Riva Fabrieksmatras\" \/>\n<meta property=\"article:modified_time\" content=\"2023-11-09T00:56:34+00:00\" \/>\n<meta property=\"og:image\" content=\"https:\/\/rivafabrieksmatras-nl.bearwithus.nl\/wp-content\/uploads\/2019\/08\/Matras-1.jpg\" \/>\n\t<meta property=\"og:image:width\" content=\"900\" \/>\n\t<meta property=\"og:image:height\" content=\"600\" \/>\n\t<meta property=\"og:image:type\" content=\"image\/jpeg\" \/>\n<script type=\"application\/ld+json\" class=\"yoast-schema-graph\">{\"@context\":\"https:\/\/schema.org\",\"@graph\":[{\"@type\":\"WebPage\",\"@id\":\"https:\/\/rivafabrieksmatras-nl.bearwithus.nl\/fr\/product\/riva-nasa-matelas-a-ressorts-ensaches-en-mousse-viscoelastique-alton\/\",\"url\":\"https:\/\/rivafabrieksmatras-nl.bearwithus.nl\/fr\/product\/riva-nasa-matelas-a-ressorts-ensaches-en-mousse-viscoelastique-alton\/\",\"name\":\"Riva\u00ae Nasa Matelas \u00e0 ressorts ensach\u00e9s en mousse visco\u00e9lastique Alton | Riva Fabrieksmatras\",\"isPartOf\":{\"@id\":\"https:\/\/rivafabrieksmatras-nl.bearwithus.nl\/fr\/#website\"},\"primaryImageOfPage\":{\"@id\":\"https:\/\/rivafabrieksmatras-nl.bearwithus.nl\/fr\/product\/riva-nasa-matelas-a-ressorts-ensaches-en-mousse-viscoelastique-alton\/#primaryimage\"},\"image\":{\"@id\":\"https:\/\/rivafabrieksmatras-nl.bearwithus.nl\/fr\/product\/riva-nasa-matelas-a-ressorts-ensaches-en-mousse-viscoelastique-alton\/#primaryimage\"},\"thumbnailUrl\":\"https:\/\/rivafabrieksmatras-nl.bearwithus.nl\/wp-content\/uploads\/2019\/08\/Matras-1.jpg\",\"datePublished\":\"2019-08-14T09:31:40+00:00\",\"dateModified\":\"2023-11-09T00:56:34+00:00\",\"description\":\"Le matelas \u00e0 ressorts ensach\u00e9s Nasa Memory Foam Mattress (23 cm d'\u00e9paisseur) est notre matelas en mousse \u00e0 m\u00e9moire de forme avec ressorts ensach\u00e9s le plus vendu!\",\"breadcrumb\":{\"@id\":\"https:\/\/rivafabrieksmatras-nl.bearwithus.nl\/fr\/product\/riva-nasa-matelas-a-ressorts-ensaches-en-mousse-viscoelastique-alton\/#breadcrumb\"},\"inLanguage\":\"fr-FR\",\"potentialAction\":[{\"@type\":\"ReadAction\",\"target\":[\"https:\/\/rivafabrieksmatras-nl.bearwithus.nl\/fr\/product\/riva-nasa-matelas-a-ressorts-ensaches-en-mousse-viscoelastique-alton\/\"]}]},{\"@type\":\"ImageObject\",\"inLanguage\":\"fr-FR\",\"@id\":\"https:\/\/rivafabrieksmatras-nl.bearwithus.nl\/fr\/product\/riva-nasa-matelas-a-ressorts-ensaches-en-mousse-viscoelastique-alton\/#primaryimage\",\"url\":\"https:\/\/rivafabrieksmatras-nl.bearwithus.nl\/wp-content\/uploads\/2019\/08\/Matras-1.jpg\",\"contentUrl\":\"https:\/\/rivafabrieksmatras-nl.bearwithus.nl\/wp-content\/uploads\/2019\/08\/Matras-1.jpg\",\"width\":900,\"height\":600},{\"@type\":\"BreadcrumbList\",\"@id\":\"https:\/\/rivafabrieksmatras-nl.bearwithus.nl\/fr\/product\/riva-nasa-matelas-a-ressorts-ensaches-en-mousse-viscoelastique-alton\/#breadcrumb\",\"itemListElement\":[{\"@type\":\"ListItem\",\"position\":1,\"name\":\"Home\",\"item\":\"https:\/\/rivafabrieksmatras-nl.bearwithus.nl\/fr\/\"},{\"@type\":\"ListItem\",\"position\":2,\"name\":\"Shop\",\"item\":\"https:\/\/rivafabrieksmatras-nl.bearwithus.nl\/fr\/shop\/\"},{\"@type\":\"ListItem\",\"position\":3,\"name\":\"NASA avec ressort ensach\u00e9\",\"item\":\"https:\/\/rivafabrieksmatras-nl.bearwithus.nl\/fr\/cat\u00e9gorie-de-produit\/nasa-avec-ressort-ensache\/\"},{\"@type\":\"ListItem\",\"position\":4,\"name\":\"Riva\u00ae Nasa Matelas \u00e0 ressorts ensach\u00e9s en mousse visco\u00e9lastique Alton\"}]},{\"@type\":\"WebSite\",\"@id\":\"https:\/\/rivafabrieksmatras-nl.bearwithus.nl\/fr\/#website\",\"url\":\"https:\/\/rivafabrieksmatras-nl.bearwithus.nl\/fr\/\",\"name\":\"Riva Fabrieksmatras\",\"description\":\"\",\"potentialAction\":[{\"@type\":\"SearchAction\",\"target\":{\"@type\":\"EntryPoint\",\"urlTemplate\":\"https:\/\/rivafabrieksmatras-nl.bearwithus.nl\/fr\/?s={search_term_string}\"},\"query-input\":{\"@type\":\"PropertyValueSpecification\",\"valueRequired\":true,\"valueName\":\"search_term_string\"}}],\"inLanguage\":\"fr-FR\"}]}<\/script>\n<!-- \/ Yoast SEO plugin. -->","yoast_head_json":{"title":"Riva\u00ae Nasa Matelas \u00e0 ressorts ensach\u00e9s en mousse visco\u00e9lastique Alton | Riva Fabrieksmatras","description":"Le matelas \u00e0 ressorts ensach\u00e9s Nasa Memory Foam Mattress (23 cm d'\u00e9paisseur) est notre matelas en mousse \u00e0 m\u00e9moire de forme avec ressorts ensach\u00e9s le plus vendu!","robots":{"index":"index","follow":"follow","max-snippet":"max-snippet:-1","max-image-preview":"max-image-preview:large","max-video-preview":"max-video-preview:-1"},"canonical":"https:\/\/rivafabrieksmatras-nl.bearwithus.nl\/fr\/product\/riva-nasa-matelas-a-ressorts-ensaches-en-mousse-viscoelastique-alton\/","og_locale":"fr_FR","og_type":"article","og_title":"Riva\u00ae Nasa Matelas \u00e0 ressorts ensach\u00e9s en mousse visco\u00e9lastique Alton | Riva Fabrieksmatras","og_description":"Le matelas \u00e0 ressorts ensach\u00e9s Nasa Memory Foam Mattress (23 cm d'\u00e9paisseur) est notre matelas en mousse \u00e0 m\u00e9moire de forme avec ressorts ensach\u00e9s le plus vendu!","og_url":"https:\/\/rivafabrieksmatras-nl.bearwithus.nl\/fr\/product\/riva-nasa-matelas-a-ressorts-ensaches-en-mousse-viscoelastique-alton\/","og_site_name":"Riva Fabrieksmatras","article_modified_time":"2023-11-09T00:56:34+00:00","og_image":[{"width":900,"height":600,"url":"https:\/\/rivafabrieksmatras-nl.bearwithus.nl\/wp-content\/uploads\/2019\/08\/Matras-1.jpg","type":"image\/jpeg"}],"schema":{"@context":"https:\/\/schema.org","@graph":[{"@type":"WebPage","@id":"https:\/\/rivafabrieksmatras-nl.bearwithus.nl\/fr\/product\/riva-nasa-matelas-a-ressorts-ensaches-en-mousse-viscoelastique-alton\/","url":"https:\/\/rivafabrieksmatras-nl.bearwithus.nl\/fr\/product\/riva-nasa-matelas-a-ressorts-ensaches-en-mousse-viscoelastique-alton\/","name":"Riva\u00ae Nasa Matelas \u00e0 ressorts ensach\u00e9s en mousse visco\u00e9lastique Alton | Riva Fabrieksmatras","isPartOf":{"@id":"https:\/\/rivafabrieksmatras-nl.bearwithus.nl\/fr\/#website"},"primaryImageOfPage":{"@id":"https:\/\/rivafabrieksmatras-nl.bearwithus.nl\/fr\/product\/riva-nasa-matelas-a-ressorts-ensaches-en-mousse-viscoelastique-alton\/#primaryimage"},"image":{"@id":"https:\/\/rivafabrieksmatras-nl.bearwithus.nl\/fr\/product\/riva-nasa-matelas-a-ressorts-ensaches-en-mousse-viscoelastique-alton\/#primaryimage"},"thumbnailUrl":"https:\/\/rivafabrieksmatras-nl.bearwithus.nl\/wp-content\/uploads\/2019\/08\/Matras-1.jpg","datePublished":"2019-08-14T09:31:40+00:00","dateModified":"2023-11-09T00:56:34+00:00","description":"Le matelas \u00e0 ressorts ensach\u00e9s Nasa Memory Foam Mattress (23 cm d'\u00e9paisseur) est notre matelas en mousse \u00e0 m\u00e9moire de forme avec ressorts ensach\u00e9s le plus vendu!","breadcrumb":{"@id":"https:\/\/rivafabrieksmatras-nl.bearwithus.nl\/fr\/product\/riva-nasa-matelas-a-ressorts-ensaches-en-mousse-viscoelastique-alton\/#breadcrumb"},"inLanguage":"fr-FR","potentialAction":[{"@type":"ReadAction","target":["https:\/\/rivafabrieksmatras-nl.bearwithus.nl\/fr\/product\/riva-nasa-matelas-a-ressorts-ensaches-en-mousse-viscoelastique-alton\/"]}]},{"@type":"ImageObject","inLanguage":"fr-FR","@id":"https:\/\/rivafabrieksmatras-nl.bearwithus.nl\/fr\/product\/riva-nasa-matelas-a-ressorts-ensaches-en-mousse-viscoelastique-alton\/#primaryimage","url":"https:\/\/rivafabrieksmatras-nl.bearwithus.nl\/wp-content\/uploads\/2019\/08\/Matras-1.jpg","contentUrl":"https:\/\/rivafabrieksmatras-nl.bearwithus.nl\/wp-content\/uploads\/2019\/08\/Matras-1.jpg","width":900,"height":600},{"@type":"BreadcrumbList","@id":"https:\/\/rivafabrieksmatras-nl.bearwithus.nl\/fr\/product\/riva-nasa-matelas-a-ressorts-ensaches-en-mousse-viscoelastique-alton\/#breadcrumb","itemListElement":[{"@type":"ListItem","position":1,"name":"Home","item":"https:\/\/rivafabrieksmatras-nl.bearwithus.nl\/fr\/"},{"@type":"ListItem","position":2,"name":"Shop","item":"https:\/\/rivafabrieksmatras-nl.bearwithus.nl\/fr\/shop\/"},{"@type":"ListItem","position":3,"name":"NASA avec ressort ensach\u00e9","item":"https:\/\/rivafabrieksmatras-nl.bearwithus.nl\/fr\/cat\u00e9gorie-de-produit\/nasa-avec-ressort-ensache\/"},{"@type":"ListItem","position":4,"name":"Riva\u00ae Nasa Matelas \u00e0 ressorts ensach\u00e9s en mousse visco\u00e9lastique Alton"}]},{"@type":"WebSite","@id":"https:\/\/rivafabrieksmatras-nl.bearwithus.nl\/fr\/#website","url":"https:\/\/rivafabrieksmatras-nl.bearwithus.nl\/fr\/","name":"Riva Fabrieksmatras","description":"","potentialAction":[{"@type":"SearchAction","target":{"@type":"EntryPoint","urlTemplate":"https:\/\/rivafabrieksmatras-nl.bearwithus.nl\/fr\/?s={search_term_string}"},"query-input":{"@type":"PropertyValueSpecification","valueRequired":true,"valueName":"search_term_string"}}],"inLanguage":"fr-FR"}]}},"_links":{"self":[{"href":"https:\/\/rivafabrieksmatras-nl.bearwithus.nl\/fr\/wp-json\/wp\/v2\/product\/41804","targetHints":{"allow":["GET"]}}],"collection":[{"href":"https:\/\/rivafabrieksmatras-nl.bearwithus.nl\/fr\/wp-json\/wp\/v2\/product"}],"about":[{"href":"https:\/\/rivafabrieksmatras-nl.bearwithus.nl\/fr\/wp-json\/wp\/v2\/types\/product"}],"replies":[{"embeddable":true,"href":"https:\/\/rivafabrieksmatras-nl.bearwithus.nl\/fr\/wp-json\/wp\/v2\/comments?post=41804"}],"wp:featuredmedia":[{"embeddable":true,"href":"https:\/\/rivafabrieksmatras-nl.bearwithus.nl\/fr\/wp-json\/wp\/v2\/media\/40290"}],"wp:attachment":[{"href":"https:\/\/rivafabrieksmatras-nl.bearwithus.nl\/fr\/wp-json\/wp\/v2\/media?parent=41804"}],"wp:term":[{"taxonomy":"product_brand","embeddable":true,"href":"https:\/\/rivafabrieksmatras-nl.bearwithus.nl\/fr\/wp-json\/wp\/v2\/product_brand?post=41804"},{"taxonomy":"product_cat","embeddable":true,"href":"https:\/\/rivafabrieksmatras-nl.bearwithus.nl\/fr\/wp-json\/wp\/v2\/product_cat?post=41804"},{"taxonomy":"product_tag","embeddable":true,"href":"https:\/\/rivafabrieksmatras-nl.bearwithus.nl\/fr\/wp-json\/wp\/v2\/product_tag?post=41804"}],"curies":[{"name":"wp","href":"https:\/\/api.w.org\/{rel}","templated":true}]}}