{"id":41657,"date":"2019-08-13T14:29:51","date_gmt":"2019-08-13T12:29:51","guid":{"rendered":"https:\/\/rivafabrieksmatras-nl.bearwithus.nl\/product\/pocketvering-matras-lucida-deluxe\/"},"modified":"2023-11-07T05:57:58","modified_gmt":"2023-11-07T04:57:58","slug":"matelas-a-ressorts-ensaches-riva-lucida-deluxe","status":"publish","type":"product","link":"https:\/\/rivafabrieksmatras-nl.bearwithus.nl\/fr\/product\/matelas-a-ressorts-ensaches-riva-lucida-deluxe\/","title":{"rendered":"Matelas \u00e0 ressorts ensach\u00e9s Riva\u00ae Lucida Deluxe"},"content":{"rendered":"","protected":false},"excerpt":{"rendered":"","protected":false},"featured_media":40290,"comment_status":"open","ping_status":"closed","template":"","meta":{"_acf_changed":false},"product_brand":[],"product_cat":[210],"product_tag":[],"class_list":{"0":"post-41657","1":"product","2":"type-product","3":"status-publish","4":"has-post-thumbnail","6":"product_cat-ressort-ensache","8":"first","9":"instock","10":"sale","11":"taxable","12":"shipping-taxable","13":"purchasable","14":"product-type-variable","15":"has-default-attributes"},"acf":[],"yoast_head":"<!-- This site is optimized with the Yoast SEO plugin v27.2 - https:\/\/yoast.com\/product\/yoast-seo-wordpress\/ -->\n<title>Matelas \u00e0 ressorts ensach\u00e9s Riva\u00ae Lucida Deluxe | Riva Fabrieksmatras<\/title>\n<meta name=\"description\" content=\"Ce matelas \u00e0 ressorts ensach\u00e9s Deluxe garantit une nuit de sommeil parfaite. Le matelas a un effet r\u00e9ducteur de pression et assure une tr\u00e8s bonne ventilation et circulation de l&#039;air.\" \/>\n<meta name=\"robots\" content=\"index, follow, max-snippet:-1, max-image-preview:large, max-video-preview:-1\" \/>\n<link rel=\"canonical\" href=\"https:\/\/rivafabrieksmatras-nl.bearwithus.nl\/fr\/product\/matelas-a-ressorts-ensaches-riva-lucida-deluxe\/\" \/>\n<meta property=\"og:locale\" content=\"fr_FR\" \/>\n<meta property=\"og:type\" content=\"article\" \/>\n<meta property=\"og:title\" content=\"Matelas \u00e0 ressorts ensach\u00e9s Riva\u00ae Lucida Deluxe | Riva Fabrieksmatras\" \/>\n<meta property=\"og:description\" content=\"Ce matelas \u00e0 ressorts ensach\u00e9s Deluxe garantit une nuit de sommeil parfaite. Le matelas a un effet r\u00e9ducteur de pression et assure une tr\u00e8s bonne ventilation et circulation de l&#039;air.\" \/>\n<meta property=\"og:url\" content=\"https:\/\/rivafabrieksmatras-nl.bearwithus.nl\/fr\/product\/matelas-a-ressorts-ensaches-riva-lucida-deluxe\/\" \/>\n<meta property=\"og:site_name\" content=\"Riva Fabrieksmatras\" \/>\n<meta property=\"article:modified_time\" content=\"2023-11-07T04:57:58+00:00\" \/>\n<meta property=\"og:image\" content=\"https:\/\/rivafabrieksmatras-nl.bearwithus.nl\/wp-content\/uploads\/2019\/08\/Matras-1.jpg\" \/>\n\t<meta property=\"og:image:width\" content=\"900\" \/>\n\t<meta property=\"og:image:height\" content=\"600\" \/>\n\t<meta property=\"og:image:type\" content=\"image\/jpeg\" \/>\n<script type=\"application\/ld+json\" class=\"yoast-schema-graph\">{\"@context\":\"https:\/\/schema.org\",\"@graph\":[{\"@type\":\"WebPage\",\"@id\":\"https:\/\/rivafabrieksmatras-nl.bearwithus.nl\/fr\/product\/matelas-a-ressorts-ensaches-riva-lucida-deluxe\/\",\"url\":\"https:\/\/rivafabrieksmatras-nl.bearwithus.nl\/fr\/product\/matelas-a-ressorts-ensaches-riva-lucida-deluxe\/\",\"name\":\"Matelas \u00e0 ressorts ensach\u00e9s Riva\u00ae Lucida Deluxe | Riva Fabrieksmatras\",\"isPartOf\":{\"@id\":\"https:\/\/rivafabrieksmatras-nl.bearwithus.nl\/fr\/#website\"},\"primaryImageOfPage\":{\"@id\":\"https:\/\/rivafabrieksmatras-nl.bearwithus.nl\/fr\/product\/matelas-a-ressorts-ensaches-riva-lucida-deluxe\/#primaryimage\"},\"image\":{\"@id\":\"https:\/\/rivafabrieksmatras-nl.bearwithus.nl\/fr\/product\/matelas-a-ressorts-ensaches-riva-lucida-deluxe\/#primaryimage\"},\"thumbnailUrl\":\"https:\/\/rivafabrieksmatras-nl.bearwithus.nl\/wp-content\/uploads\/2019\/08\/Matras-1.jpg\",\"datePublished\":\"2019-08-13T12:29:51+00:00\",\"dateModified\":\"2023-11-07T04:57:58+00:00\",\"description\":\"Ce matelas \u00e0 ressorts ensach\u00e9s Deluxe garantit une nuit de sommeil parfaite. Le matelas a un effet r\u00e9ducteur de pression et assure une tr\u00e8s bonne ventilation et circulation de l'air.\",\"breadcrumb\":{\"@id\":\"https:\/\/rivafabrieksmatras-nl.bearwithus.nl\/fr\/product\/matelas-a-ressorts-ensaches-riva-lucida-deluxe\/#breadcrumb\"},\"inLanguage\":\"fr-FR\",\"potentialAction\":[{\"@type\":\"ReadAction\",\"target\":[\"https:\/\/rivafabrieksmatras-nl.bearwithus.nl\/fr\/product\/matelas-a-ressorts-ensaches-riva-lucida-deluxe\/\"]}]},{\"@type\":\"ImageObject\",\"inLanguage\":\"fr-FR\",\"@id\":\"https:\/\/rivafabrieksmatras-nl.bearwithus.nl\/fr\/product\/matelas-a-ressorts-ensaches-riva-lucida-deluxe\/#primaryimage\",\"url\":\"https:\/\/rivafabrieksmatras-nl.bearwithus.nl\/wp-content\/uploads\/2019\/08\/Matras-1.jpg\",\"contentUrl\":\"https:\/\/rivafabrieksmatras-nl.bearwithus.nl\/wp-content\/uploads\/2019\/08\/Matras-1.jpg\",\"width\":900,\"height\":600},{\"@type\":\"BreadcrumbList\",\"@id\":\"https:\/\/rivafabrieksmatras-nl.bearwithus.nl\/fr\/product\/matelas-a-ressorts-ensaches-riva-lucida-deluxe\/#breadcrumb\",\"itemListElement\":[{\"@type\":\"ListItem\",\"position\":1,\"name\":\"Home\",\"item\":\"https:\/\/rivafabrieksmatras-nl.bearwithus.nl\/fr\/\"},{\"@type\":\"ListItem\",\"position\":2,\"name\":\"Shop\",\"item\":\"https:\/\/rivafabrieksmatras-nl.bearwithus.nl\/fr\/shop\/\"},{\"@type\":\"ListItem\",\"position\":3,\"name\":\"Ressort ensach\u00e9\",\"item\":\"https:\/\/rivafabrieksmatras-nl.bearwithus.nl\/fr\/cat\u00e9gorie-de-produit\/ressort-ensache\/\"},{\"@type\":\"ListItem\",\"position\":4,\"name\":\"Matelas \u00e0 ressorts ensach\u00e9s Riva\u00ae Lucida Deluxe\"}]},{\"@type\":\"WebSite\",\"@id\":\"https:\/\/rivafabrieksmatras-nl.bearwithus.nl\/fr\/#website\",\"url\":\"https:\/\/rivafabrieksmatras-nl.bearwithus.nl\/fr\/\",\"name\":\"Riva Fabrieksmatras\",\"description\":\"\",\"potentialAction\":[{\"@type\":\"SearchAction\",\"target\":{\"@type\":\"EntryPoint\",\"urlTemplate\":\"https:\/\/rivafabrieksmatras-nl.bearwithus.nl\/fr\/?s={search_term_string}\"},\"query-input\":{\"@type\":\"PropertyValueSpecification\",\"valueRequired\":true,\"valueName\":\"search_term_string\"}}],\"inLanguage\":\"fr-FR\"}]}<\/script>\n<!-- \/ Yoast SEO plugin. -->","yoast_head_json":{"title":"Matelas \u00e0 ressorts ensach\u00e9s Riva\u00ae Lucida Deluxe | Riva Fabrieksmatras","description":"Ce matelas \u00e0 ressorts ensach\u00e9s Deluxe garantit une nuit de sommeil parfaite. Le matelas a un effet r\u00e9ducteur de pression et assure une tr\u00e8s bonne ventilation et circulation de l'air.","robots":{"index":"index","follow":"follow","max-snippet":"max-snippet:-1","max-image-preview":"max-image-preview:large","max-video-preview":"max-video-preview:-1"},"canonical":"https:\/\/rivafabrieksmatras-nl.bearwithus.nl\/fr\/product\/matelas-a-ressorts-ensaches-riva-lucida-deluxe\/","og_locale":"fr_FR","og_type":"article","og_title":"Matelas \u00e0 ressorts ensach\u00e9s Riva\u00ae Lucida Deluxe | Riva Fabrieksmatras","og_description":"Ce matelas \u00e0 ressorts ensach\u00e9s Deluxe garantit une nuit de sommeil parfaite. Le matelas a un effet r\u00e9ducteur de pression et assure une tr\u00e8s bonne ventilation et circulation de l'air.","og_url":"https:\/\/rivafabrieksmatras-nl.bearwithus.nl\/fr\/product\/matelas-a-ressorts-ensaches-riva-lucida-deluxe\/","og_site_name":"Riva Fabrieksmatras","article_modified_time":"2023-11-07T04:57:58+00:00","og_image":[{"width":900,"height":600,"url":"https:\/\/rivafabrieksmatras-nl.bearwithus.nl\/wp-content\/uploads\/2019\/08\/Matras-1.jpg","type":"image\/jpeg"}],"schema":{"@context":"https:\/\/schema.org","@graph":[{"@type":"WebPage","@id":"https:\/\/rivafabrieksmatras-nl.bearwithus.nl\/fr\/product\/matelas-a-ressorts-ensaches-riva-lucida-deluxe\/","url":"https:\/\/rivafabrieksmatras-nl.bearwithus.nl\/fr\/product\/matelas-a-ressorts-ensaches-riva-lucida-deluxe\/","name":"Matelas \u00e0 ressorts ensach\u00e9s Riva\u00ae Lucida Deluxe | Riva Fabrieksmatras","isPartOf":{"@id":"https:\/\/rivafabrieksmatras-nl.bearwithus.nl\/fr\/#website"},"primaryImageOfPage":{"@id":"https:\/\/rivafabrieksmatras-nl.bearwithus.nl\/fr\/product\/matelas-a-ressorts-ensaches-riva-lucida-deluxe\/#primaryimage"},"image":{"@id":"https:\/\/rivafabrieksmatras-nl.bearwithus.nl\/fr\/product\/matelas-a-ressorts-ensaches-riva-lucida-deluxe\/#primaryimage"},"thumbnailUrl":"https:\/\/rivafabrieksmatras-nl.bearwithus.nl\/wp-content\/uploads\/2019\/08\/Matras-1.jpg","datePublished":"2019-08-13T12:29:51+00:00","dateModified":"2023-11-07T04:57:58+00:00","description":"Ce matelas \u00e0 ressorts ensach\u00e9s Deluxe garantit une nuit de sommeil parfaite. Le matelas a un effet r\u00e9ducteur de pression et assure une tr\u00e8s bonne ventilation et circulation de l'air.","breadcrumb":{"@id":"https:\/\/rivafabrieksmatras-nl.bearwithus.nl\/fr\/product\/matelas-a-ressorts-ensaches-riva-lucida-deluxe\/#breadcrumb"},"inLanguage":"fr-FR","potentialAction":[{"@type":"ReadAction","target":["https:\/\/rivafabrieksmatras-nl.bearwithus.nl\/fr\/product\/matelas-a-ressorts-ensaches-riva-lucida-deluxe\/"]}]},{"@type":"ImageObject","inLanguage":"fr-FR","@id":"https:\/\/rivafabrieksmatras-nl.bearwithus.nl\/fr\/product\/matelas-a-ressorts-ensaches-riva-lucida-deluxe\/#primaryimage","url":"https:\/\/rivafabrieksmatras-nl.bearwithus.nl\/wp-content\/uploads\/2019\/08\/Matras-1.jpg","contentUrl":"https:\/\/rivafabrieksmatras-nl.bearwithus.nl\/wp-content\/uploads\/2019\/08\/Matras-1.jpg","width":900,"height":600},{"@type":"BreadcrumbList","@id":"https:\/\/rivafabrieksmatras-nl.bearwithus.nl\/fr\/product\/matelas-a-ressorts-ensaches-riva-lucida-deluxe\/#breadcrumb","itemListElement":[{"@type":"ListItem","position":1,"name":"Home","item":"https:\/\/rivafabrieksmatras-nl.bearwithus.nl\/fr\/"},{"@type":"ListItem","position":2,"name":"Shop","item":"https:\/\/rivafabrieksmatras-nl.bearwithus.nl\/fr\/shop\/"},{"@type":"ListItem","position":3,"name":"Ressort ensach\u00e9","item":"https:\/\/rivafabrieksmatras-nl.bearwithus.nl\/fr\/cat\u00e9gorie-de-produit\/ressort-ensache\/"},{"@type":"ListItem","position":4,"name":"Matelas \u00e0 ressorts ensach\u00e9s Riva\u00ae Lucida Deluxe"}]},{"@type":"WebSite","@id":"https:\/\/rivafabrieksmatras-nl.bearwithus.nl\/fr\/#website","url":"https:\/\/rivafabrieksmatras-nl.bearwithus.nl\/fr\/","name":"Riva Fabrieksmatras","description":"","potentialAction":[{"@type":"SearchAction","target":{"@type":"EntryPoint","urlTemplate":"https:\/\/rivafabrieksmatras-nl.bearwithus.nl\/fr\/?s={search_term_string}"},"query-input":{"@type":"PropertyValueSpecification","valueRequired":true,"valueName":"search_term_string"}}],"inLanguage":"fr-FR"}]}},"_links":{"self":[{"href":"https:\/\/rivafabrieksmatras-nl.bearwithus.nl\/fr\/wp-json\/wp\/v2\/product\/41657","targetHints":{"allow":["GET"]}}],"collection":[{"href":"https:\/\/rivafabrieksmatras-nl.bearwithus.nl\/fr\/wp-json\/wp\/v2\/product"}],"about":[{"href":"https:\/\/rivafabrieksmatras-nl.bearwithus.nl\/fr\/wp-json\/wp\/v2\/types\/product"}],"replies":[{"embeddable":true,"href":"https:\/\/rivafabrieksmatras-nl.bearwithus.nl\/fr\/wp-json\/wp\/v2\/comments?post=41657"}],"wp:featuredmedia":[{"embeddable":true,"href":"https:\/\/rivafabrieksmatras-nl.bearwithus.nl\/fr\/wp-json\/wp\/v2\/media\/40290"}],"wp:attachment":[{"href":"https:\/\/rivafabrieksmatras-nl.bearwithus.nl\/fr\/wp-json\/wp\/v2\/media?parent=41657"}],"wp:term":[{"taxonomy":"product_brand","embeddable":true,"href":"https:\/\/rivafabrieksmatras-nl.bearwithus.nl\/fr\/wp-json\/wp\/v2\/product_brand?post=41657"},{"taxonomy":"product_cat","embeddable":true,"href":"https:\/\/rivafabrieksmatras-nl.bearwithus.nl\/fr\/wp-json\/wp\/v2\/product_cat?post=41657"},{"taxonomy":"product_tag","embeddable":true,"href":"https:\/\/rivafabrieksmatras-nl.bearwithus.nl\/fr\/wp-json\/wp\/v2\/product_tag?post=41657"}],"curies":[{"name":"wp","href":"https:\/\/api.w.org\/{rel}","templated":true}]}}