{"id":41610,"date":"2019-08-14T10:48:19","date_gmt":"2019-08-14T08:48:19","guid":{"rendered":"https:\/\/rivafabrieksmatras-nl.bearwithus.nl\/product\/top-dek-koudschuim-brilliant\/"},"modified":"2023-11-09T01:56:37","modified_gmt":"2023-11-09T00:56:37","slug":"topdekmatelas-cold-foam-brillant","status":"publish","type":"product","link":"https:\/\/rivafabrieksmatras-nl.bearwithus.nl\/fr\/product\/topdekmatelas-cold-foam-brillant\/","title":{"rendered":"Topdekmatelas Cold foam Brillant"},"content":{"rendered":"","protected":false},"excerpt":{"rendered":"","protected":false},"featured_media":40349,"comment_status":"open","ping_status":"closed","template":"","meta":{"_acf_changed":false},"product_brand":[],"product_cat":[212],"product_tag":[],"class_list":{"0":"post-41610","1":"product","2":"type-product","3":"status-publish","4":"has-post-thumbnail","6":"product_cat-pont-superieur","8":"first","9":"instock","10":"sale","11":"taxable","12":"shipping-taxable","13":"purchasable","14":"product-type-variable","15":"has-default-attributes"},"acf":[],"yoast_head":"<!-- This site is optimized with the Yoast SEO plugin v27.2 - https:\/\/yoast.com\/product\/yoast-seo-wordpress\/ -->\n<title>Topdekmatelas Cold foam Deluxe - Riva Fabrieksmatras<\/title>\n<meta name=\"description\" content=\"Ce Topdek metelas Cold Foam Deluxe est tr\u00e8s \u00e9pais (9 cm.) afin d&#039;offrir un excellent soutien \u00e0 votre corps et d&#039;\u00eatre ventil\u00e9 de mani\u00e8re optimale.\" \/>\n<meta name=\"robots\" content=\"index, follow, max-snippet:-1, max-image-preview:large, max-video-preview:-1\" \/>\n<link rel=\"canonical\" href=\"https:\/\/rivafabrieksmatras-nl.bearwithus.nl\/fr\/product\/topdekmatelas-cold-foam-brillant\/\" \/>\n<meta property=\"og:locale\" content=\"fr_FR\" \/>\n<meta property=\"og:type\" content=\"article\" \/>\n<meta property=\"og:title\" content=\"Topdekmatelas Cold foam Deluxe - Riva Fabrieksmatras\" \/>\n<meta property=\"og:description\" content=\"Ce Topdek metelas Cold Foam Deluxe est tr\u00e8s \u00e9pais (9 cm.) afin d&#039;offrir un excellent soutien \u00e0 votre corps et d&#039;\u00eatre ventil\u00e9 de mani\u00e8re optimale.\" \/>\n<meta property=\"og:url\" content=\"https:\/\/rivafabrieksmatras-nl.bearwithus.nl\/fr\/product\/topdekmatelas-cold-foam-brillant\/\" \/>\n<meta property=\"og:site_name\" content=\"Riva Fabrieksmatras\" \/>\n<meta property=\"article:modified_time\" content=\"2023-11-09T00:56:37+00:00\" \/>\n<meta property=\"og:image\" content=\"https:\/\/rivafabrieksmatras-nl.bearwithus.nl\/wp-content\/uploads\/2019\/08\/Topper-2.jpg\" \/>\n\t<meta property=\"og:image:width\" content=\"1200\" \/>\n\t<meta property=\"og:image:height\" content=\"692\" \/>\n\t<meta property=\"og:image:type\" content=\"image\/jpeg\" \/>\n<script type=\"application\/ld+json\" class=\"yoast-schema-graph\">{\"@context\":\"https:\/\/schema.org\",\"@graph\":[{\"@type\":\"WebPage\",\"@id\":\"https:\/\/rivafabrieksmatras-nl.bearwithus.nl\/fr\/product\/topdekmatelas-cold-foam-brillant\/\",\"url\":\"https:\/\/rivafabrieksmatras-nl.bearwithus.nl\/fr\/product\/topdekmatelas-cold-foam-brillant\/\",\"name\":\"Topdekmatelas Cold foam Deluxe - Riva Fabrieksmatras\",\"isPartOf\":{\"@id\":\"https:\/\/rivafabrieksmatras-nl.bearwithus.nl\/fr\/#website\"},\"primaryImageOfPage\":{\"@id\":\"https:\/\/rivafabrieksmatras-nl.bearwithus.nl\/fr\/product\/topdekmatelas-cold-foam-brillant\/#primaryimage\"},\"image\":{\"@id\":\"https:\/\/rivafabrieksmatras-nl.bearwithus.nl\/fr\/product\/topdekmatelas-cold-foam-brillant\/#primaryimage\"},\"thumbnailUrl\":\"https:\/\/rivafabrieksmatras-nl.bearwithus.nl\/wp-content\/uploads\/2019\/08\/Topper-2.jpg\",\"datePublished\":\"2019-08-14T08:48:19+00:00\",\"dateModified\":\"2023-11-09T00:56:37+00:00\",\"description\":\"Ce Topdek metelas Cold Foam Deluxe est tr\u00e8s \u00e9pais (9 cm.) afin d'offrir un excellent soutien \u00e0 votre corps et d'\u00eatre ventil\u00e9 de mani\u00e8re optimale.\",\"breadcrumb\":{\"@id\":\"https:\/\/rivafabrieksmatras-nl.bearwithus.nl\/fr\/product\/topdekmatelas-cold-foam-brillant\/#breadcrumb\"},\"inLanguage\":\"fr-FR\",\"potentialAction\":[{\"@type\":\"ReadAction\",\"target\":[\"https:\/\/rivafabrieksmatras-nl.bearwithus.nl\/fr\/product\/topdekmatelas-cold-foam-brillant\/\"]}]},{\"@type\":\"ImageObject\",\"inLanguage\":\"fr-FR\",\"@id\":\"https:\/\/rivafabrieksmatras-nl.bearwithus.nl\/fr\/product\/topdekmatelas-cold-foam-brillant\/#primaryimage\",\"url\":\"https:\/\/rivafabrieksmatras-nl.bearwithus.nl\/wp-content\/uploads\/2019\/08\/Topper-2.jpg\",\"contentUrl\":\"https:\/\/rivafabrieksmatras-nl.bearwithus.nl\/wp-content\/uploads\/2019\/08\/Topper-2.jpg\",\"width\":1200,\"height\":692},{\"@type\":\"BreadcrumbList\",\"@id\":\"https:\/\/rivafabrieksmatras-nl.bearwithus.nl\/fr\/product\/topdekmatelas-cold-foam-brillant\/#breadcrumb\",\"itemListElement\":[{\"@type\":\"ListItem\",\"position\":1,\"name\":\"Home\",\"item\":\"https:\/\/rivafabrieksmatras-nl.bearwithus.nl\/fr\/\"},{\"@type\":\"ListItem\",\"position\":2,\"name\":\"Shop\",\"item\":\"https:\/\/rivafabrieksmatras-nl.bearwithus.nl\/fr\/shop\/\"},{\"@type\":\"ListItem\",\"position\":3,\"name\":\"Pont sup\u00e9rieur\",\"item\":\"https:\/\/rivafabrieksmatras-nl.bearwithus.nl\/fr\/cat\u00e9gorie-de-produit\/pont-superieur\/\"},{\"@type\":\"ListItem\",\"position\":4,\"name\":\"Topdekmatelas Cold foam Brillant\"}]},{\"@type\":\"WebSite\",\"@id\":\"https:\/\/rivafabrieksmatras-nl.bearwithus.nl\/fr\/#website\",\"url\":\"https:\/\/rivafabrieksmatras-nl.bearwithus.nl\/fr\/\",\"name\":\"Riva Fabrieksmatras\",\"description\":\"\",\"potentialAction\":[{\"@type\":\"SearchAction\",\"target\":{\"@type\":\"EntryPoint\",\"urlTemplate\":\"https:\/\/rivafabrieksmatras-nl.bearwithus.nl\/fr\/?s={search_term_string}\"},\"query-input\":{\"@type\":\"PropertyValueSpecification\",\"valueRequired\":true,\"valueName\":\"search_term_string\"}}],\"inLanguage\":\"fr-FR\"}]}<\/script>\n<!-- \/ Yoast SEO plugin. -->","yoast_head_json":{"title":"Topdekmatelas Cold foam Deluxe - Riva Fabrieksmatras","description":"Ce Topdek metelas Cold Foam Deluxe est tr\u00e8s \u00e9pais (9 cm.) afin d'offrir un excellent soutien \u00e0 votre corps et d'\u00eatre ventil\u00e9 de mani\u00e8re optimale.","robots":{"index":"index","follow":"follow","max-snippet":"max-snippet:-1","max-image-preview":"max-image-preview:large","max-video-preview":"max-video-preview:-1"},"canonical":"https:\/\/rivafabrieksmatras-nl.bearwithus.nl\/fr\/product\/topdekmatelas-cold-foam-brillant\/","og_locale":"fr_FR","og_type":"article","og_title":"Topdekmatelas Cold foam Deluxe - Riva Fabrieksmatras","og_description":"Ce Topdek metelas Cold Foam Deluxe est tr\u00e8s \u00e9pais (9 cm.) afin d'offrir un excellent soutien \u00e0 votre corps et d'\u00eatre ventil\u00e9 de mani\u00e8re optimale.","og_url":"https:\/\/rivafabrieksmatras-nl.bearwithus.nl\/fr\/product\/topdekmatelas-cold-foam-brillant\/","og_site_name":"Riva Fabrieksmatras","article_modified_time":"2023-11-09T00:56:37+00:00","og_image":[{"width":1200,"height":692,"url":"https:\/\/rivafabrieksmatras-nl.bearwithus.nl\/wp-content\/uploads\/2019\/08\/Topper-2.jpg","type":"image\/jpeg"}],"schema":{"@context":"https:\/\/schema.org","@graph":[{"@type":"WebPage","@id":"https:\/\/rivafabrieksmatras-nl.bearwithus.nl\/fr\/product\/topdekmatelas-cold-foam-brillant\/","url":"https:\/\/rivafabrieksmatras-nl.bearwithus.nl\/fr\/product\/topdekmatelas-cold-foam-brillant\/","name":"Topdekmatelas Cold foam Deluxe - Riva Fabrieksmatras","isPartOf":{"@id":"https:\/\/rivafabrieksmatras-nl.bearwithus.nl\/fr\/#website"},"primaryImageOfPage":{"@id":"https:\/\/rivafabrieksmatras-nl.bearwithus.nl\/fr\/product\/topdekmatelas-cold-foam-brillant\/#primaryimage"},"image":{"@id":"https:\/\/rivafabrieksmatras-nl.bearwithus.nl\/fr\/product\/topdekmatelas-cold-foam-brillant\/#primaryimage"},"thumbnailUrl":"https:\/\/rivafabrieksmatras-nl.bearwithus.nl\/wp-content\/uploads\/2019\/08\/Topper-2.jpg","datePublished":"2019-08-14T08:48:19+00:00","dateModified":"2023-11-09T00:56:37+00:00","description":"Ce Topdek metelas Cold Foam Deluxe est tr\u00e8s \u00e9pais (9 cm.) afin d'offrir un excellent soutien \u00e0 votre corps et d'\u00eatre ventil\u00e9 de mani\u00e8re optimale.","breadcrumb":{"@id":"https:\/\/rivafabrieksmatras-nl.bearwithus.nl\/fr\/product\/topdekmatelas-cold-foam-brillant\/#breadcrumb"},"inLanguage":"fr-FR","potentialAction":[{"@type":"ReadAction","target":["https:\/\/rivafabrieksmatras-nl.bearwithus.nl\/fr\/product\/topdekmatelas-cold-foam-brillant\/"]}]},{"@type":"ImageObject","inLanguage":"fr-FR","@id":"https:\/\/rivafabrieksmatras-nl.bearwithus.nl\/fr\/product\/topdekmatelas-cold-foam-brillant\/#primaryimage","url":"https:\/\/rivafabrieksmatras-nl.bearwithus.nl\/wp-content\/uploads\/2019\/08\/Topper-2.jpg","contentUrl":"https:\/\/rivafabrieksmatras-nl.bearwithus.nl\/wp-content\/uploads\/2019\/08\/Topper-2.jpg","width":1200,"height":692},{"@type":"BreadcrumbList","@id":"https:\/\/rivafabrieksmatras-nl.bearwithus.nl\/fr\/product\/topdekmatelas-cold-foam-brillant\/#breadcrumb","itemListElement":[{"@type":"ListItem","position":1,"name":"Home","item":"https:\/\/rivafabrieksmatras-nl.bearwithus.nl\/fr\/"},{"@type":"ListItem","position":2,"name":"Shop","item":"https:\/\/rivafabrieksmatras-nl.bearwithus.nl\/fr\/shop\/"},{"@type":"ListItem","position":3,"name":"Pont sup\u00e9rieur","item":"https:\/\/rivafabrieksmatras-nl.bearwithus.nl\/fr\/cat\u00e9gorie-de-produit\/pont-superieur\/"},{"@type":"ListItem","position":4,"name":"Topdekmatelas Cold foam Brillant"}]},{"@type":"WebSite","@id":"https:\/\/rivafabrieksmatras-nl.bearwithus.nl\/fr\/#website","url":"https:\/\/rivafabrieksmatras-nl.bearwithus.nl\/fr\/","name":"Riva Fabrieksmatras","description":"","potentialAction":[{"@type":"SearchAction","target":{"@type":"EntryPoint","urlTemplate":"https:\/\/rivafabrieksmatras-nl.bearwithus.nl\/fr\/?s={search_term_string}"},"query-input":{"@type":"PropertyValueSpecification","valueRequired":true,"valueName":"search_term_string"}}],"inLanguage":"fr-FR"}]}},"_links":{"self":[{"href":"https:\/\/rivafabrieksmatras-nl.bearwithus.nl\/fr\/wp-json\/wp\/v2\/product\/41610","targetHints":{"allow":["GET"]}}],"collection":[{"href":"https:\/\/rivafabrieksmatras-nl.bearwithus.nl\/fr\/wp-json\/wp\/v2\/product"}],"about":[{"href":"https:\/\/rivafabrieksmatras-nl.bearwithus.nl\/fr\/wp-json\/wp\/v2\/types\/product"}],"replies":[{"embeddable":true,"href":"https:\/\/rivafabrieksmatras-nl.bearwithus.nl\/fr\/wp-json\/wp\/v2\/comments?post=41610"}],"wp:featuredmedia":[{"embeddable":true,"href":"https:\/\/rivafabrieksmatras-nl.bearwithus.nl\/fr\/wp-json\/wp\/v2\/media\/40349"}],"wp:attachment":[{"href":"https:\/\/rivafabrieksmatras-nl.bearwithus.nl\/fr\/wp-json\/wp\/v2\/media?parent=41610"}],"wp:term":[{"taxonomy":"product_brand","embeddable":true,"href":"https:\/\/rivafabrieksmatras-nl.bearwithus.nl\/fr\/wp-json\/wp\/v2\/product_brand?post=41610"},{"taxonomy":"product_cat","embeddable":true,"href":"https:\/\/rivafabrieksmatras-nl.bearwithus.nl\/fr\/wp-json\/wp\/v2\/product_cat?post=41610"},{"taxonomy":"product_tag","embeddable":true,"href":"https:\/\/rivafabrieksmatras-nl.bearwithus.nl\/fr\/wp-json\/wp\/v2\/product_tag?post=41610"}],"curies":[{"name":"wp","href":"https:\/\/api.w.org\/{rel}","templated":true}]}}