{"id":41122,"date":"2019-08-15T10:27:07","date_gmt":"2019-08-15T08:27:07","guid":{"rendered":"https:\/\/rivafabrieksmatras-nl.bearwithus.nl\/product\/polyether-matras\/"},"modified":"2023-11-09T01:56:33","modified_gmt":"2023-11-09T00:56:33","slug":"polyether-matelas","status":"publish","type":"product","link":"https:\/\/rivafabrieksmatras-nl.bearwithus.nl\/fr\/product\/polyether-matelas\/","title":{"rendered":"Poly\u00e9ther Matelas"},"content":{"rendered":"","protected":false},"excerpt":{"rendered":"","protected":false},"featured_media":40292,"comment_status":"open","ping_status":"closed","template":"","meta":{"_acf_changed":false},"product_brand":[],"product_cat":[211],"product_tag":[],"class_list":{"0":"post-41122","1":"product","2":"type-product","3":"status-publish","4":"has-post-thumbnail","6":"product_cat-polyether-fr","8":"first","9":"instock","10":"sale","11":"taxable","12":"shipping-taxable","13":"purchasable","14":"product-type-variable","15":"has-default-attributes"},"acf":[],"yoast_head":"<!-- This site is optimized with the Yoast SEO plugin v27.2 - https:\/\/yoast.com\/product\/yoast-seo-wordpress\/ -->\n<title>Poly\u00e9ther Matelas - Le matelas id\u00e9al pour les enfants- Riva Fabrieksmatras<\/title>\n<meta name=\"description\" content=\"Le matelas Polyether est id\u00e9al pour les enfants ou lorsque vous avez quelqu&#039;un pour rester avec vous. Le matelas est enti\u00e8rement fabriqu\u00e9 de mani\u00e8re durable aux Pays-Bas.\" \/>\n<meta name=\"robots\" content=\"index, follow, max-snippet:-1, max-image-preview:large, max-video-preview:-1\" \/>\n<link rel=\"canonical\" href=\"https:\/\/rivafabrieksmatras-nl.bearwithus.nl\/fr\/product\/polyether-matelas\/\" \/>\n<meta property=\"og:locale\" content=\"fr_FR\" \/>\n<meta property=\"og:type\" content=\"article\" \/>\n<meta property=\"og:title\" content=\"Poly\u00e9ther Matelas - Le matelas id\u00e9al pour les enfants- Riva Fabrieksmatras\" \/>\n<meta property=\"og:description\" content=\"Le matelas Polyether est id\u00e9al pour les enfants ou lorsque vous avez quelqu&#039;un pour rester avec vous. Le matelas est enti\u00e8rement fabriqu\u00e9 de mani\u00e8re durable aux Pays-Bas.\" \/>\n<meta property=\"og:url\" content=\"https:\/\/rivafabrieksmatras-nl.bearwithus.nl\/fr\/product\/polyether-matelas\/\" \/>\n<meta property=\"og:site_name\" content=\"Riva Fabrieksmatras\" \/>\n<meta property=\"article:modified_time\" content=\"2023-11-09T00:56:33+00:00\" \/>\n<meta property=\"og:image\" content=\"https:\/\/rivafabrieksmatras-nl.bearwithus.nl\/wp-content\/uploads\/2019\/08\/polyether.jpg\" \/>\n\t<meta property=\"og:image:width\" content=\"900\" \/>\n\t<meta property=\"og:image:height\" content=\"600\" \/>\n\t<meta property=\"og:image:type\" content=\"image\/jpeg\" \/>\n<script type=\"application\/ld+json\" class=\"yoast-schema-graph\">{\"@context\":\"https:\/\/schema.org\",\"@graph\":[{\"@type\":\"WebPage\",\"@id\":\"https:\/\/rivafabrieksmatras-nl.bearwithus.nl\/fr\/product\/polyether-matelas\/\",\"url\":\"https:\/\/rivafabrieksmatras-nl.bearwithus.nl\/fr\/product\/polyether-matelas\/\",\"name\":\"Poly\u00e9ther Matelas - Le matelas id\u00e9al pour les enfants- Riva Fabrieksmatras\",\"isPartOf\":{\"@id\":\"https:\/\/rivafabrieksmatras-nl.bearwithus.nl\/fr\/#website\"},\"primaryImageOfPage\":{\"@id\":\"https:\/\/rivafabrieksmatras-nl.bearwithus.nl\/fr\/product\/polyether-matelas\/#primaryimage\"},\"image\":{\"@id\":\"https:\/\/rivafabrieksmatras-nl.bearwithus.nl\/fr\/product\/polyether-matelas\/#primaryimage\"},\"thumbnailUrl\":\"https:\/\/rivafabrieksmatras-nl.bearwithus.nl\/wp-content\/uploads\/2019\/08\/polyether.jpg\",\"datePublished\":\"2019-08-15T08:27:07+00:00\",\"dateModified\":\"2023-11-09T00:56:33+00:00\",\"description\":\"Le matelas Polyether est id\u00e9al pour les enfants ou lorsque vous avez quelqu'un pour rester avec vous. Le matelas est enti\u00e8rement fabriqu\u00e9 de mani\u00e8re durable aux Pays-Bas.\",\"breadcrumb\":{\"@id\":\"https:\/\/rivafabrieksmatras-nl.bearwithus.nl\/fr\/product\/polyether-matelas\/#breadcrumb\"},\"inLanguage\":\"fr-FR\",\"potentialAction\":[{\"@type\":\"ReadAction\",\"target\":[\"https:\/\/rivafabrieksmatras-nl.bearwithus.nl\/fr\/product\/polyether-matelas\/\"]}]},{\"@type\":\"ImageObject\",\"inLanguage\":\"fr-FR\",\"@id\":\"https:\/\/rivafabrieksmatras-nl.bearwithus.nl\/fr\/product\/polyether-matelas\/#primaryimage\",\"url\":\"https:\/\/rivafabrieksmatras-nl.bearwithus.nl\/wp-content\/uploads\/2019\/08\/polyether.jpg\",\"contentUrl\":\"https:\/\/rivafabrieksmatras-nl.bearwithus.nl\/wp-content\/uploads\/2019\/08\/polyether.jpg\",\"width\":900,\"height\":600},{\"@type\":\"BreadcrumbList\",\"@id\":\"https:\/\/rivafabrieksmatras-nl.bearwithus.nl\/fr\/product\/polyether-matelas\/#breadcrumb\",\"itemListElement\":[{\"@type\":\"ListItem\",\"position\":1,\"name\":\"Home\",\"item\":\"https:\/\/rivafabrieksmatras-nl.bearwithus.nl\/fr\/\"},{\"@type\":\"ListItem\",\"position\":2,\"name\":\"Shop\",\"item\":\"https:\/\/rivafabrieksmatras-nl.bearwithus.nl\/fr\/shop\/\"},{\"@type\":\"ListItem\",\"position\":3,\"name\":\"Poly\u00e9ther\",\"item\":\"https:\/\/rivafabrieksmatras-nl.bearwithus.nl\/fr\/cat\u00e9gorie-de-produit\/polyether-fr\/\"},{\"@type\":\"ListItem\",\"position\":4,\"name\":\"Poly\u00e9ther Matelas\"}]},{\"@type\":\"WebSite\",\"@id\":\"https:\/\/rivafabrieksmatras-nl.bearwithus.nl\/fr\/#website\",\"url\":\"https:\/\/rivafabrieksmatras-nl.bearwithus.nl\/fr\/\",\"name\":\"Riva Fabrieksmatras\",\"description\":\"\",\"potentialAction\":[{\"@type\":\"SearchAction\",\"target\":{\"@type\":\"EntryPoint\",\"urlTemplate\":\"https:\/\/rivafabrieksmatras-nl.bearwithus.nl\/fr\/?s={search_term_string}\"},\"query-input\":{\"@type\":\"PropertyValueSpecification\",\"valueRequired\":true,\"valueName\":\"search_term_string\"}}],\"inLanguage\":\"fr-FR\"}]}<\/script>\n<!-- \/ Yoast SEO plugin. -->","yoast_head_json":{"title":"Poly\u00e9ther Matelas - Le matelas id\u00e9al pour les enfants- Riva Fabrieksmatras","description":"Le matelas Polyether est id\u00e9al pour les enfants ou lorsque vous avez quelqu'un pour rester avec vous. Le matelas est enti\u00e8rement fabriqu\u00e9 de mani\u00e8re durable aux Pays-Bas.","robots":{"index":"index","follow":"follow","max-snippet":"max-snippet:-1","max-image-preview":"max-image-preview:large","max-video-preview":"max-video-preview:-1"},"canonical":"https:\/\/rivafabrieksmatras-nl.bearwithus.nl\/fr\/product\/polyether-matelas\/","og_locale":"fr_FR","og_type":"article","og_title":"Poly\u00e9ther Matelas - Le matelas id\u00e9al pour les enfants- Riva Fabrieksmatras","og_description":"Le matelas Polyether est id\u00e9al pour les enfants ou lorsque vous avez quelqu'un pour rester avec vous. Le matelas est enti\u00e8rement fabriqu\u00e9 de mani\u00e8re durable aux Pays-Bas.","og_url":"https:\/\/rivafabrieksmatras-nl.bearwithus.nl\/fr\/product\/polyether-matelas\/","og_site_name":"Riva Fabrieksmatras","article_modified_time":"2023-11-09T00:56:33+00:00","og_image":[{"width":900,"height":600,"url":"https:\/\/rivafabrieksmatras-nl.bearwithus.nl\/wp-content\/uploads\/2019\/08\/polyether.jpg","type":"image\/jpeg"}],"schema":{"@context":"https:\/\/schema.org","@graph":[{"@type":"WebPage","@id":"https:\/\/rivafabrieksmatras-nl.bearwithus.nl\/fr\/product\/polyether-matelas\/","url":"https:\/\/rivafabrieksmatras-nl.bearwithus.nl\/fr\/product\/polyether-matelas\/","name":"Poly\u00e9ther Matelas - Le matelas id\u00e9al pour les enfants- Riva Fabrieksmatras","isPartOf":{"@id":"https:\/\/rivafabrieksmatras-nl.bearwithus.nl\/fr\/#website"},"primaryImageOfPage":{"@id":"https:\/\/rivafabrieksmatras-nl.bearwithus.nl\/fr\/product\/polyether-matelas\/#primaryimage"},"image":{"@id":"https:\/\/rivafabrieksmatras-nl.bearwithus.nl\/fr\/product\/polyether-matelas\/#primaryimage"},"thumbnailUrl":"https:\/\/rivafabrieksmatras-nl.bearwithus.nl\/wp-content\/uploads\/2019\/08\/polyether.jpg","datePublished":"2019-08-15T08:27:07+00:00","dateModified":"2023-11-09T00:56:33+00:00","description":"Le matelas Polyether est id\u00e9al pour les enfants ou lorsque vous avez quelqu'un pour rester avec vous. Le matelas est enti\u00e8rement fabriqu\u00e9 de mani\u00e8re durable aux Pays-Bas.","breadcrumb":{"@id":"https:\/\/rivafabrieksmatras-nl.bearwithus.nl\/fr\/product\/polyether-matelas\/#breadcrumb"},"inLanguage":"fr-FR","potentialAction":[{"@type":"ReadAction","target":["https:\/\/rivafabrieksmatras-nl.bearwithus.nl\/fr\/product\/polyether-matelas\/"]}]},{"@type":"ImageObject","inLanguage":"fr-FR","@id":"https:\/\/rivafabrieksmatras-nl.bearwithus.nl\/fr\/product\/polyether-matelas\/#primaryimage","url":"https:\/\/rivafabrieksmatras-nl.bearwithus.nl\/wp-content\/uploads\/2019\/08\/polyether.jpg","contentUrl":"https:\/\/rivafabrieksmatras-nl.bearwithus.nl\/wp-content\/uploads\/2019\/08\/polyether.jpg","width":900,"height":600},{"@type":"BreadcrumbList","@id":"https:\/\/rivafabrieksmatras-nl.bearwithus.nl\/fr\/product\/polyether-matelas\/#breadcrumb","itemListElement":[{"@type":"ListItem","position":1,"name":"Home","item":"https:\/\/rivafabrieksmatras-nl.bearwithus.nl\/fr\/"},{"@type":"ListItem","position":2,"name":"Shop","item":"https:\/\/rivafabrieksmatras-nl.bearwithus.nl\/fr\/shop\/"},{"@type":"ListItem","position":3,"name":"Poly\u00e9ther","item":"https:\/\/rivafabrieksmatras-nl.bearwithus.nl\/fr\/cat\u00e9gorie-de-produit\/polyether-fr\/"},{"@type":"ListItem","position":4,"name":"Poly\u00e9ther Matelas"}]},{"@type":"WebSite","@id":"https:\/\/rivafabrieksmatras-nl.bearwithus.nl\/fr\/#website","url":"https:\/\/rivafabrieksmatras-nl.bearwithus.nl\/fr\/","name":"Riva Fabrieksmatras","description":"","potentialAction":[{"@type":"SearchAction","target":{"@type":"EntryPoint","urlTemplate":"https:\/\/rivafabrieksmatras-nl.bearwithus.nl\/fr\/?s={search_term_string}"},"query-input":{"@type":"PropertyValueSpecification","valueRequired":true,"valueName":"search_term_string"}}],"inLanguage":"fr-FR"}]}},"_links":{"self":[{"href":"https:\/\/rivafabrieksmatras-nl.bearwithus.nl\/fr\/wp-json\/wp\/v2\/product\/41122","targetHints":{"allow":["GET"]}}],"collection":[{"href":"https:\/\/rivafabrieksmatras-nl.bearwithus.nl\/fr\/wp-json\/wp\/v2\/product"}],"about":[{"href":"https:\/\/rivafabrieksmatras-nl.bearwithus.nl\/fr\/wp-json\/wp\/v2\/types\/product"}],"replies":[{"embeddable":true,"href":"https:\/\/rivafabrieksmatras-nl.bearwithus.nl\/fr\/wp-json\/wp\/v2\/comments?post=41122"}],"wp:featuredmedia":[{"embeddable":true,"href":"https:\/\/rivafabrieksmatras-nl.bearwithus.nl\/fr\/wp-json\/wp\/v2\/media\/40292"}],"wp:attachment":[{"href":"https:\/\/rivafabrieksmatras-nl.bearwithus.nl\/fr\/wp-json\/wp\/v2\/media?parent=41122"}],"wp:term":[{"taxonomy":"product_brand","embeddable":true,"href":"https:\/\/rivafabrieksmatras-nl.bearwithus.nl\/fr\/wp-json\/wp\/v2\/product_brand?post=41122"},{"taxonomy":"product_cat","embeddable":true,"href":"https:\/\/rivafabrieksmatras-nl.bearwithus.nl\/fr\/wp-json\/wp\/v2\/product_cat?post=41122"},{"taxonomy":"product_tag","embeddable":true,"href":"https:\/\/rivafabrieksmatras-nl.bearwithus.nl\/fr\/wp-json\/wp\/v2\/product_tag?post=41122"}],"curies":[{"name":"wp","href":"https:\/\/api.w.org\/{rel}","templated":true}]}}