{"id":40494,"date":"2021-05-27T10:56:02","date_gmt":"2021-05-27T08:56:02","guid":{"rendered":"https:\/\/rivafabrieksmatras-nl.bearwithus.nl\/product\/medifit-hybride-matras\/"},"modified":"2023-11-07T18:43:30","modified_gmt":"2023-11-07T17:43:30","slug":"matelas-hybride-medifit","status":"publish","type":"product","link":"https:\/\/rivafabrieksmatras-nl.bearwithus.nl\/fr\/product\/matelas-hybride-medifit\/","title":{"rendered":"Matelas hybride MediFit"},"content":{"rendered":"","protected":false},"excerpt":{"rendered":"","protected":false},"featured_media":40370,"comment_status":"open","ping_status":"closed","template":"","meta":{"_acf_changed":false},"product_brand":[],"product_cat":[207],"product_tag":[],"class_list":{"0":"post-40494","1":"product","2":"type-product","3":"status-publish","4":"has-post-thumbnail","6":"product_cat-medifit-fr","8":"first","9":"instock","10":"sale","11":"taxable","12":"shipping-taxable","13":"purchasable","14":"product-type-variable","15":"has-default-attributes"},"acf":[],"yoast_head":"<!-- This site is optimized with the Yoast SEO plugin v27.2 - https:\/\/yoast.com\/product\/yoast-seo-wordpress\/ -->\n<title>Matelas hybride MediFit | Riva Fabrieksmatras<\/title>\n<meta name=\"description\" content=\"Ce matelas \u00e0 ressorts ensach\u00e9s Deluxe garantit une nuit de sommeil parfaite. Le matelas a un effet r\u00e9ducteur de pression et assure une tr\u00e8s bonne ventilation et circulation de l&#039;air.\" \/>\n<meta name=\"robots\" content=\"index, follow, max-snippet:-1, max-image-preview:large, max-video-preview:-1\" \/>\n<link rel=\"canonical\" href=\"https:\/\/rivafabrieksmatras-nl.bearwithus.nl\/fr\/product\/matelas-hybride-medifit\/\" \/>\n<meta property=\"og:locale\" content=\"fr_FR\" \/>\n<meta property=\"og:type\" content=\"article\" \/>\n<meta property=\"og:title\" content=\"Matelas hybride MediFit | Riva Fabrieksmatras\" \/>\n<meta property=\"og:description\" content=\"Ce matelas \u00e0 ressorts ensach\u00e9s Deluxe garantit une nuit de sommeil parfaite. Le matelas a un effet r\u00e9ducteur de pression et assure une tr\u00e8s bonne ventilation et circulation de l&#039;air.\" \/>\n<meta property=\"og:url\" content=\"https:\/\/rivafabrieksmatras-nl.bearwithus.nl\/fr\/product\/matelas-hybride-medifit\/\" \/>\n<meta property=\"og:site_name\" content=\"Riva Fabrieksmatras\" \/>\n<meta property=\"article:modified_time\" content=\"2023-11-07T17:43:30+00:00\" \/>\n<meta property=\"og:image\" content=\"https:\/\/rivafabrieksmatras-nl.bearwithus.nl\/wp-content\/uploads\/2021\/05\/MediFit-matras-2-scaled.jpg\" \/>\n\t<meta property=\"og:image:width\" content=\"2560\" \/>\n\t<meta property=\"og:image:height\" content=\"1707\" \/>\n\t<meta property=\"og:image:type\" content=\"image\/jpeg\" \/>\n<script type=\"application\/ld+json\" class=\"yoast-schema-graph\">{\"@context\":\"https:\/\/schema.org\",\"@graph\":[{\"@type\":\"WebPage\",\"@id\":\"https:\/\/rivafabrieksmatras-nl.bearwithus.nl\/fr\/product\/matelas-hybride-medifit\/\",\"url\":\"https:\/\/rivafabrieksmatras-nl.bearwithus.nl\/fr\/product\/matelas-hybride-medifit\/\",\"name\":\"Matelas hybride MediFit | Riva Fabrieksmatras\",\"isPartOf\":{\"@id\":\"https:\/\/rivafabrieksmatras-nl.bearwithus.nl\/fr\/#website\"},\"primaryImageOfPage\":{\"@id\":\"https:\/\/rivafabrieksmatras-nl.bearwithus.nl\/fr\/product\/matelas-hybride-medifit\/#primaryimage\"},\"image\":{\"@id\":\"https:\/\/rivafabrieksmatras-nl.bearwithus.nl\/fr\/product\/matelas-hybride-medifit\/#primaryimage\"},\"thumbnailUrl\":\"https:\/\/rivafabrieksmatras-nl.bearwithus.nl\/wp-content\/uploads\/2021\/05\/MediFit-matras-2-scaled.jpg\",\"datePublished\":\"2021-05-27T08:56:02+00:00\",\"dateModified\":\"2023-11-07T17:43:30+00:00\",\"description\":\"Ce matelas \u00e0 ressorts ensach\u00e9s Deluxe garantit une nuit de sommeil parfaite. Le matelas a un effet r\u00e9ducteur de pression et assure une tr\u00e8s bonne ventilation et circulation de l'air.\",\"breadcrumb\":{\"@id\":\"https:\/\/rivafabrieksmatras-nl.bearwithus.nl\/fr\/product\/matelas-hybride-medifit\/#breadcrumb\"},\"inLanguage\":\"fr-FR\",\"potentialAction\":[{\"@type\":\"ReadAction\",\"target\":[\"https:\/\/rivafabrieksmatras-nl.bearwithus.nl\/fr\/product\/matelas-hybride-medifit\/\"]}]},{\"@type\":\"ImageObject\",\"inLanguage\":\"fr-FR\",\"@id\":\"https:\/\/rivafabrieksmatras-nl.bearwithus.nl\/fr\/product\/matelas-hybride-medifit\/#primaryimage\",\"url\":\"https:\/\/rivafabrieksmatras-nl.bearwithus.nl\/wp-content\/uploads\/2021\/05\/MediFit-matras-2-scaled.jpg\",\"contentUrl\":\"https:\/\/rivafabrieksmatras-nl.bearwithus.nl\/wp-content\/uploads\/2021\/05\/MediFit-matras-2-scaled.jpg\",\"width\":2560,\"height\":1707},{\"@type\":\"BreadcrumbList\",\"@id\":\"https:\/\/rivafabrieksmatras-nl.bearwithus.nl\/fr\/product\/matelas-hybride-medifit\/#breadcrumb\",\"itemListElement\":[{\"@type\":\"ListItem\",\"position\":1,\"name\":\"Home\",\"item\":\"https:\/\/rivafabrieksmatras-nl.bearwithus.nl\/fr\/\"},{\"@type\":\"ListItem\",\"position\":2,\"name\":\"Shop\",\"item\":\"https:\/\/rivafabrieksmatras-nl.bearwithus.nl\/fr\/shop\/\"},{\"@type\":\"ListItem\",\"position\":3,\"name\":\"MediFit\",\"item\":\"https:\/\/rivafabrieksmatras-nl.bearwithus.nl\/fr\/cat\u00e9gorie-de-produit\/medifit-fr\/\"},{\"@type\":\"ListItem\",\"position\":4,\"name\":\"Matelas hybride MediFit\"}]},{\"@type\":\"WebSite\",\"@id\":\"https:\/\/rivafabrieksmatras-nl.bearwithus.nl\/fr\/#website\",\"url\":\"https:\/\/rivafabrieksmatras-nl.bearwithus.nl\/fr\/\",\"name\":\"Riva Fabrieksmatras\",\"description\":\"\",\"potentialAction\":[{\"@type\":\"SearchAction\",\"target\":{\"@type\":\"EntryPoint\",\"urlTemplate\":\"https:\/\/rivafabrieksmatras-nl.bearwithus.nl\/fr\/?s={search_term_string}\"},\"query-input\":{\"@type\":\"PropertyValueSpecification\",\"valueRequired\":true,\"valueName\":\"search_term_string\"}}],\"inLanguage\":\"fr-FR\"}]}<\/script>\n<!-- \/ Yoast SEO plugin. -->","yoast_head_json":{"title":"Matelas hybride MediFit | Riva Fabrieksmatras","description":"Ce matelas \u00e0 ressorts ensach\u00e9s Deluxe garantit une nuit de sommeil parfaite. Le matelas a un effet r\u00e9ducteur de pression et assure une tr\u00e8s bonne ventilation et circulation de l'air.","robots":{"index":"index","follow":"follow","max-snippet":"max-snippet:-1","max-image-preview":"max-image-preview:large","max-video-preview":"max-video-preview:-1"},"canonical":"https:\/\/rivafabrieksmatras-nl.bearwithus.nl\/fr\/product\/matelas-hybride-medifit\/","og_locale":"fr_FR","og_type":"article","og_title":"Matelas hybride MediFit | Riva Fabrieksmatras","og_description":"Ce matelas \u00e0 ressorts ensach\u00e9s Deluxe garantit une nuit de sommeil parfaite. Le matelas a un effet r\u00e9ducteur de pression et assure une tr\u00e8s bonne ventilation et circulation de l'air.","og_url":"https:\/\/rivafabrieksmatras-nl.bearwithus.nl\/fr\/product\/matelas-hybride-medifit\/","og_site_name":"Riva Fabrieksmatras","article_modified_time":"2023-11-07T17:43:30+00:00","og_image":[{"width":2560,"height":1707,"url":"https:\/\/rivafabrieksmatras-nl.bearwithus.nl\/wp-content\/uploads\/2021\/05\/MediFit-matras-2-scaled.jpg","type":"image\/jpeg"}],"schema":{"@context":"https:\/\/schema.org","@graph":[{"@type":"WebPage","@id":"https:\/\/rivafabrieksmatras-nl.bearwithus.nl\/fr\/product\/matelas-hybride-medifit\/","url":"https:\/\/rivafabrieksmatras-nl.bearwithus.nl\/fr\/product\/matelas-hybride-medifit\/","name":"Matelas hybride MediFit | Riva Fabrieksmatras","isPartOf":{"@id":"https:\/\/rivafabrieksmatras-nl.bearwithus.nl\/fr\/#website"},"primaryImageOfPage":{"@id":"https:\/\/rivafabrieksmatras-nl.bearwithus.nl\/fr\/product\/matelas-hybride-medifit\/#primaryimage"},"image":{"@id":"https:\/\/rivafabrieksmatras-nl.bearwithus.nl\/fr\/product\/matelas-hybride-medifit\/#primaryimage"},"thumbnailUrl":"https:\/\/rivafabrieksmatras-nl.bearwithus.nl\/wp-content\/uploads\/2021\/05\/MediFit-matras-2-scaled.jpg","datePublished":"2021-05-27T08:56:02+00:00","dateModified":"2023-11-07T17:43:30+00:00","description":"Ce matelas \u00e0 ressorts ensach\u00e9s Deluxe garantit une nuit de sommeil parfaite. Le matelas a un effet r\u00e9ducteur de pression et assure une tr\u00e8s bonne ventilation et circulation de l'air.","breadcrumb":{"@id":"https:\/\/rivafabrieksmatras-nl.bearwithus.nl\/fr\/product\/matelas-hybride-medifit\/#breadcrumb"},"inLanguage":"fr-FR","potentialAction":[{"@type":"ReadAction","target":["https:\/\/rivafabrieksmatras-nl.bearwithus.nl\/fr\/product\/matelas-hybride-medifit\/"]}]},{"@type":"ImageObject","inLanguage":"fr-FR","@id":"https:\/\/rivafabrieksmatras-nl.bearwithus.nl\/fr\/product\/matelas-hybride-medifit\/#primaryimage","url":"https:\/\/rivafabrieksmatras-nl.bearwithus.nl\/wp-content\/uploads\/2021\/05\/MediFit-matras-2-scaled.jpg","contentUrl":"https:\/\/rivafabrieksmatras-nl.bearwithus.nl\/wp-content\/uploads\/2021\/05\/MediFit-matras-2-scaled.jpg","width":2560,"height":1707},{"@type":"BreadcrumbList","@id":"https:\/\/rivafabrieksmatras-nl.bearwithus.nl\/fr\/product\/matelas-hybride-medifit\/#breadcrumb","itemListElement":[{"@type":"ListItem","position":1,"name":"Home","item":"https:\/\/rivafabrieksmatras-nl.bearwithus.nl\/fr\/"},{"@type":"ListItem","position":2,"name":"Shop","item":"https:\/\/rivafabrieksmatras-nl.bearwithus.nl\/fr\/shop\/"},{"@type":"ListItem","position":3,"name":"MediFit","item":"https:\/\/rivafabrieksmatras-nl.bearwithus.nl\/fr\/cat\u00e9gorie-de-produit\/medifit-fr\/"},{"@type":"ListItem","position":4,"name":"Matelas hybride MediFit"}]},{"@type":"WebSite","@id":"https:\/\/rivafabrieksmatras-nl.bearwithus.nl\/fr\/#website","url":"https:\/\/rivafabrieksmatras-nl.bearwithus.nl\/fr\/","name":"Riva Fabrieksmatras","description":"","potentialAction":[{"@type":"SearchAction","target":{"@type":"EntryPoint","urlTemplate":"https:\/\/rivafabrieksmatras-nl.bearwithus.nl\/fr\/?s={search_term_string}"},"query-input":{"@type":"PropertyValueSpecification","valueRequired":true,"valueName":"search_term_string"}}],"inLanguage":"fr-FR"}]}},"_links":{"self":[{"href":"https:\/\/rivafabrieksmatras-nl.bearwithus.nl\/fr\/wp-json\/wp\/v2\/product\/40494","targetHints":{"allow":["GET"]}}],"collection":[{"href":"https:\/\/rivafabrieksmatras-nl.bearwithus.nl\/fr\/wp-json\/wp\/v2\/product"}],"about":[{"href":"https:\/\/rivafabrieksmatras-nl.bearwithus.nl\/fr\/wp-json\/wp\/v2\/types\/product"}],"replies":[{"embeddable":true,"href":"https:\/\/rivafabrieksmatras-nl.bearwithus.nl\/fr\/wp-json\/wp\/v2\/comments?post=40494"}],"wp:featuredmedia":[{"embeddable":true,"href":"https:\/\/rivafabrieksmatras-nl.bearwithus.nl\/fr\/wp-json\/wp\/v2\/media\/40370"}],"wp:attachment":[{"href":"https:\/\/rivafabrieksmatras-nl.bearwithus.nl\/fr\/wp-json\/wp\/v2\/media?parent=40494"}],"wp:term":[{"taxonomy":"product_brand","embeddable":true,"href":"https:\/\/rivafabrieksmatras-nl.bearwithus.nl\/fr\/wp-json\/wp\/v2\/product_brand?post=40494"},{"taxonomy":"product_cat","embeddable":true,"href":"https:\/\/rivafabrieksmatras-nl.bearwithus.nl\/fr\/wp-json\/wp\/v2\/product_cat?post=40494"},{"taxonomy":"product_tag","embeddable":true,"href":"https:\/\/rivafabrieksmatras-nl.bearwithus.nl\/fr\/wp-json\/wp\/v2\/product_tag?post=40494"}],"curies":[{"name":"wp","href":"https:\/\/api.w.org\/{rel}","templated":true}]}}